{"id":915,"date":"2023-01-02T14:44:03","date_gmt":"2023-01-02T14:44:03","guid":{"rendered":"https:\/\/volkner-mobil.com\/?page_id=915"},"modified":"2026-03-20T13:15:11","modified_gmt":"2026-03-20T13:15:11","slug":"gebraucht-neufahrzeuge","status":"publish","type":"page","link":"https:\/\/volkner-mobil.com\/en\/gebraucht-neufahrzeuge\/","title":{"rendered":"Used\/new vehicles"},"content":{"rendered":"<p>[et_pb_section fb_built=&#8220;1&#8243; _builder_version=&#8220;4.19.4&#8243; _module_preset=&#8220;default&#8220; background_enable_color=&#8220;off&#8220; height_tablet=&#8220;&#8220; height_phone=&#8220;&#8220; height_last_edited=&#8220;on|phone&#8220; global_colors_info=&#8220;{}&#8220;][et_pb_row _builder_version=&#8220;4.18.0&#8243; _module_preset=&#8220;default&#8220; global_colors_info=&#8220;{}&#8220;][et_pb_column type=&#8220;4_4&#8243; _builder_version=&#8220;4.18.0&#8243; _module_preset=&#8220;default&#8220; global_colors_info=&#8220;{}&#8220;][et_pb_text _builder_version=&#8220;4.19.4&#8243; _module_preset=&#8220;default&#8220; text_text_color=&#8220;#000000&#8243; header_text_color=&#8220;#000000&#8243; header_2_text_color=&#8220;#000000&#8243; background_color=&#8220;#f2f2f2&#8243; text_orientation=&#8220;center&#8220; width=&#8220;300px&#8220; module_alignment=&#8220;center&#8220; custom_margin=&#8220;10vh||||false|true&#8220; custom_padding=&#8220;8px||0px||false|true&#8220; border_radii=&#8220;on|10px|10px|10px|10px&#8220; border_width_all=&#8220;3px&#8220; box_shadow_style=&#8220;preset1&#8243; global_colors_info=&#8220;{}&#8220;]<\/p>\n<h1 style=\"text-align: center;\"><span style=\"color: #000000;\">Used\/new vehicles<\/span><\/h1>\n<p>[\/et_pb_text][\/et_pb_column][\/et_pb_row][et_pb_row column_structure=&#8220;1_2,1_2&#8243; _builder_version=&#8220;4.27.0&#8243; _module_preset=&#8220;default&#8220; width=&#8220;90%&#8220; max_width=&#8220;90%&#8220; custom_margin=&#8220;||||false|false&#8220; global_colors_info=&#8220;{}&#8220;][et_pb_column type=&#8220;1_2&#8243; _builder_version=&#8220;4.19.4&#8243; _module_preset=&#8220;default&#8220; global_colors_info=&#8220;{}&#8220;][et_pb_image src=&#8220;https:\/\/volkner-mobil.com\/wp-content\/uploads\/2026\/03\/IMG_0861-scaled.jpg&#8220; title_text=&#8220;IMG_0861&#8243; _builder_version=&#8220;4.27.4&#8243; _module_preset=&#8220;default&#8220; global_colors_info=&#8220;{}&#8220;][\/et_pb_image][\/et_pb_column][et_pb_column type=&#8220;1_2&#8243; _builder_version=&#8220;4.27.4&#8243; _module_preset=&#8220;default&#8220; global_colors_info=&#8220;{}&#8220;][et_pb_text _builder_version=&#8220;4.27.4&#8243; _module_preset=&#8220;default&#8220; min_height=&#8220;42.8px&#8220; custom_padding=&#8220;||0px|||&#8220; inline_fonts=&#8220;Arial&#8220; global_colors_info=&#8220;{}&#8220;]<\/p>\n<h2 style=\"font-weight: 400;\"><strong><\/strong><\/h2>\n<h2 style=\"font-weight: 400;\"><strong><\/strong><\/h2>\n<h2 style=\"font-weight: 400;\"><strong>Volkner Mobil 830HG auf MB Atego mit Seitengarage<\/strong><\/h2>\n<p><span style=\"font-size: small; font-family: inherit; font-weight: normal;\">\u00a0<\/span><\/p>\n<p><span style=\"font-size: small; font-family: inherit; font-weight: normal;\">Wir verkaufen im Kundenauftrag einen Volkner Mobil 830 HG auf MB Atego Basis mit einer Seitengarage f\u00fcr Quad oder <br \/>Fahrr\u00e4der.<\/span><\/p>\n<p style=\"text-align: left;\"><strong><\/strong><\/p>\n<p style=\"text-align: left;\"><strong>Tag der Erstzulassung: 10.05.2010 <\/strong><\/p>\n<p style=\"text-align: left;\">L\u00e4nge 8480mm<\/p>\n<p style=\"text-align: left;\">Zul. Gesamtgewicht: 8.600kg<\/p>\n<p style=\"text-align: left;\">Leistung 238 PS\/175 kW<\/p>\n<p style=\"text-align: left;\">Kraftstofftank 125 l, Ad-Blue 25 l<\/p>\n<p style=\"text-align: left;\">Elektrische Markise<\/p>\n<p style=\"text-align: left;\">Hydraulische Abst\u00fctzung<\/p>\n<p style=\"text-align: left;\">Brain-Pilot mit intelligenter Systemsteuerung<\/p>\n<p style=\"text-align: left;\">Comfort-Bett<\/p>\n<p style=\"text-align: left;\"><span style=\"color: #0c71c3;\"><a href=\"https:\/\/volkner-mobil.com\/wp-content\/uploads\/2026\/03\/Exposee-Volkner-Mobil-830-HG-Atego-Quad-2-2026.pdf\" style=\"color: #0c71c3;\"><strong><span style=\"text-decoration: underline;\">Exposee zum Download<\/span><\/strong><\/a><\/span><\/p>\n<p style=\"text-align: left;\"><strong><\/strong><\/p>\n<p>[\/et_pb_text][\/et_pb_column][\/et_pb_row][\/et_pb_section]<\/p>","protected":false},"excerpt":{"rendered":"<p>Gebraucht-\/ Neufahrzeuge Volkner Mobil 830HG auf MB Atego mit Seitengarage \u00a0 Wir verkaufen im Kundenauftrag einen Volkner Mobil 830 HG auf MB Atego Basis mit einer Seitengarage f\u00fcr Quad oder Fahrr\u00e4der. Tag der Erstzulassung: 10.05.2010 L\u00e4nge 8480mm Zul. Gesamtgewicht: 8.600kg Leistung 238 PS\/175 kW Kraftstofftank 125 l, Ad-Blue 25 l Elektrische Markise Hydraulische Abst\u00fctzung Brain-Pilot [&hellip;]<\/p>","protected":false},"author":1,"featured_media":0,"parent":0,"menu_order":0,"comment_status":"closed","ping_status":"closed","template":"","meta":{"_et_pb_use_builder":"on","_et_pb_old_content":"<!-- wp:divi\/placeholder \/-->","_et_gb_content_width":"","footnotes":""},"class_list":["post-915","page","type-page","status-publish","hentry"],"_links":{"self":[{"href":"https:\/\/volkner-mobil.com\/en\/wp-json\/wp\/v2\/pages\/915","targetHints":{"allow":["GET"]}}],"collection":[{"href":"https:\/\/volkner-mobil.com\/en\/wp-json\/wp\/v2\/pages"}],"about":[{"href":"https:\/\/volkner-mobil.com\/en\/wp-json\/wp\/v2\/types\/page"}],"author":[{"embeddable":true,"href":"https:\/\/volkner-mobil.com\/en\/wp-json\/wp\/v2\/users\/1"}],"replies":[{"embeddable":true,"href":"https:\/\/volkner-mobil.com\/en\/wp-json\/wp\/v2\/comments?post=915"}],"version-history":[{"count":27,"href":"https:\/\/volkner-mobil.com\/en\/wp-json\/wp\/v2\/pages\/915\/revisions"}],"predecessor-version":[{"id":3075,"href":"https:\/\/volkner-mobil.com\/en\/wp-json\/wp\/v2\/pages\/915\/revisions\/3075"}],"wp:attachment":[{"href":"https:\/\/volkner-mobil.com\/en\/wp-json\/wp\/v2\/media?parent=915"}],"curies":[{"name":"wp","href":"https:\/\/api.w.org\/{rel}","templated":true}]}}