{"id":545,"date":"2022-12-20T08:37:38","date_gmt":"2022-12-20T08:37:38","guid":{"rendered":"https:\/\/zwo-shop.de\/?page_id=545"},"modified":"2023-01-24T08:07:23","modified_gmt":"2023-01-24T08:07:23","slug":"siku-modell-1943","status":"publish","type":"page","link":"https:\/\/volkner-mobil.com\/en\/siku-modell-1943\/","title":{"rendered":"SIKU-Model 1943"},"content":{"rendered":"<p>[et_pb_section fb_built=&#8220;1&#8243; _builder_version=&#8220;4.19.4&#8243; _module_preset=&#8220;default&#8220; background_enable_color=&#8220;off&#8220; height_tablet=&#8220;&#8220; height_phone=&#8220;&#8220; height_last_edited=&#8220;on|phone&#8220; global_colors_info=&#8220;{}&#8220;][et_pb_row _builder_version=&#8220;4.18.0&#8243; _module_preset=&#8220;default&#8220; global_colors_info=&#8220;{}&#8220;][et_pb_column type=&#8220;4_4&#8243; _builder_version=&#8220;4.18.0&#8243; _module_preset=&#8220;default&#8220; global_colors_info=&#8220;{}&#8220;][et_pb_text _builder_version=&#8220;4.19.4&#8243; _module_preset=&#8220;default&#8220; text_text_color=&#8220;#000000&#8243; header_text_color=&#8220;#000000&#8243; header_2_text_color=&#8220;#000000&#8243; background_color=&#8220;#f2f2f2&#8243; text_orientation=&#8220;center&#8220; width=&#8220;300px&#8220; module_alignment=&#8220;center&#8220; custom_margin=&#8220;10vh||||false|true&#8220; custom_padding=&#8220;8px||0px||false|true&#8220; border_radii=&#8220;on|10px|10px|10px|10px&#8220; border_width_all=&#8220;3px&#8220; box_shadow_style=&#8220;preset1&#8243; global_colors_info=&#8220;{}&#8220;]<\/p>\n<h1 style=\"text-align: center;\"><span style=\"color: #000000;\">SIKU MODEL 1943<\/span><\/h1>\n<p>[\/et_pb_text][\/et_pb_column][\/et_pb_row][et_pb_row column_structure=&#8220;1_2,1_2&#8243; _builder_version=&#8220;4.19.4&#8243; _module_preset=&#8220;default&#8220; width=&#8220;90%&#8220; max_width=&#8220;90%&#8220; custom_margin=&#8220;||||false|false&#8220; global_colors_info=&#8220;{}&#8220;][et_pb_column type=&#8220;1_2&#8243; _builder_version=&#8220;4.19.4&#8243; _module_preset=&#8220;default&#8220; global_colors_info=&#8220;{}&#8220;][et_pb_image src=&#8220;https:\/\/volkner-mobil.com\/wp-content\/uploads\/2022\/12\/siku1.jpg&#8220; title_text=&#8220;siku1&#8243; force_fullwidth=&#8220;on&#8220; _builder_version=&#8220;4.19.4&#8243; _module_preset=&#8220;default&#8220; box_shadow_style=&#8220;preset1&#8243; global_colors_info=&#8220;{}&#8220;][\/et_pb_image][\/et_pb_column][et_pb_column type=&#8220;1_2&#8243; _builder_version=&#8220;4.19.4&#8243; _module_preset=&#8220;default&#8220; global_colors_info=&#8220;{}&#8220;][et_pb_text _builder_version=&#8220;4.19.4&#8243; _module_preset=&#8220;default&#8220; text_font_size=&#8220;16px&#8220; global_colors_info=&#8220;{}&#8220;]<\/p>\n<h2><span style=\"color: #000000;\"><span>Volkner Mobil Performance en miniature<\/span><\/span><\/h2>\n<p><span style=\"color: #000000;\"><span><\/span><\/span><\/p>\n<p _ngcontent-xqo-c50=\"\"><span style=\"color: #000000;\">The Volkner Mobil Performance stands for mobile travel at the highest level. Now it is also available in small. Into very small. Strictly speaking on a scale of 1:50. The SIKU company, known for detailed vehicle models, has taken up the challenge and developed this model for young and old boys (of course girls too), for playing or for the display case.<\/span><\/p>\n<p _ngcontent-xqo-c50=\"\"><span style=\"color: #000000;\">The miniature with the number 1943 is mainly made of metal and impresses with a multitude of details: A flap opens on the side and gives a view of the central garage under the living area. The included Wiesmann Roadster MF 5 is driven out of the mobile home with the movable platform and is ready to go immediately.<\/span><\/p>\n<p _ngcontent-xqo-c50=\"\"><span style=\"color: #000000;\">Following the example, the wall-out (a slide-out over almost the entire length of the body) moves out on the left side of the vehicle in order to enlarge the living area inside the model. The removable roof allows insights into the interior and optimal playability of the model. Like that Original \u2013 a real eye-catcher!<\/span><\/p>\n<p>[\/et_pb_text][\/et_pb_column][\/et_pb_row][et_pb_row column_structure=&#8220;1_4,1_4,1_4,1_4&#8243; _builder_version=&#8220;4.19.4&#8243; _module_preset=&#8220;default&#8220; width=&#8220;90%&#8220; max_width=&#8220;90%&#8220; global_colors_info=&#8220;{}&#8220;][et_pb_column type=&#8220;1_4&#8243; _builder_version=&#8220;4.19.4&#8243; _module_preset=&#8220;default&#8220; global_colors_info=&#8220;{}&#8220;][et_pb_image src=&#8220;https:\/\/volkner-mobil.com\/wp-content\/uploads\/2023\/01\/vitrine2-scaled.jpg&#8220; title_text=&#8220;vitrine2&#8243; url=&#8220;https:\/\/volkner-mobil.com\/wp-content\/uploads\/2023\/01\/vitrine2-scaled.jpg&#8220; _builder_version=&#8220;4.19.4&#8243; _module_preset=&#8220;default&#8220; box_shadow_style=&#8220;preset1&#8243; global_colors_info=&#8220;{}&#8220;][\/et_pb_image][\/et_pb_column][et_pb_column type=&#8220;1_4&#8243; _builder_version=&#8220;4.19.4&#8243; _module_preset=&#8220;default&#8220; global_colors_info=&#8220;{}&#8220;][et_pb_image src=&#8220;https:\/\/volkner-mobil.com\/wp-content\/uploads\/2023\/01\/Hobby_Leisure_dio-1024&#215;473-1.jpg&#8220; title_text=&#8220;Hobby_Leisure_dio-1024&#215;473&#8243; url=&#8220;https:\/\/volkner-mobil.com\/wp-content\/uploads\/2023\/01\/Hobby_Leisure_dio-1024&#215;473-1.jpg&#8220; _builder_version=&#8220;4.19.4&#8243; _module_preset=&#8220;default&#8220; hover_enabled=&#8220;0&#8243; box_shadow_style=&#8220;preset1&#8243; global_colors_info=&#8220;{}&#8220; sticky_enabled=&#8220;0&#8243;][\/et_pb_image][\/et_pb_column][et_pb_column type=&#8220;1_4&#8243; _builder_version=&#8220;4.19.4&#8243; _module_preset=&#8220;default&#8220; global_colors_info=&#8220;{}&#8220;][et_pb_image src=&#8220;https:\/\/volkner-mobil.com\/wp-content\/uploads\/2023\/01\/1943-Performance2.jpg&#8220; title_text=&#8220;1943-Performance2&#8243; url=&#8220;https:\/\/volkner-mobil.com\/wp-content\/uploads\/2023\/01\/1943-Performance.jpg&#8220; _builder_version=&#8220;4.19.4&#8243; _module_preset=&#8220;default&#8220; box_shadow_style=&#8220;preset1&#8243; global_colors_info=&#8220;{}&#8220;][\/et_pb_image][\/et_pb_column][et_pb_column type=&#8220;1_4&#8243; _builder_version=&#8220;4.19.4&#8243; _module_preset=&#8220;default&#8220; global_colors_info=&#8220;{}&#8220;][et_pb_image src=&#8220;https:\/\/volkner-mobil.com\/wp-content\/uploads\/2023\/01\/IMG_0009-scaled.jpg&#8220; title_text=&#8220;IMG_0009&#8243; url=&#8220;https:\/\/volkner-mobil.com\/wp-content\/uploads\/2023\/01\/IMG_0009-scaled.jpg&#8220; _builder_version=&#8220;4.19.4&#8243; _module_preset=&#8220;default&#8220; box_shadow_style=&#8220;preset1&#8243; global_colors_info=&#8220;{}&#8220;][\/et_pb_image][\/et_pb_column][\/et_pb_row][\/et_pb_section]<\/p>","protected":false},"excerpt":{"rendered":"<p>SIKU MODELL 1943Volkner Mobil Performance en miniature Der Volkner Mobil Performance steht f\u00fcr mobiles Reisen auf allerh\u00f6chstem Niveau. Nun gibt es ihn auch in klein. In sehr klein. Genau genommen im Ma\u00dfstab 1:50. Die Firma SIKU, bekannt f\u00fcr detailgetreue Fahrzeugmodelle, hat sich der Herausforderung gestellt und dieses Modell f\u00fcr kleine und gro\u00dfe Jungs (nat\u00fcrlich auch [&hellip;]<\/p>","protected":false},"author":1,"featured_media":0,"parent":0,"menu_order":0,"comment_status":"closed","ping_status":"closed","template":"","meta":{"_et_pb_use_builder":"on","_et_pb_old_content":"<!-- wp:divi\/placeholder \/-->","_et_gb_content_width":"","footnotes":""},"class_list":["post-545","page","type-page","status-publish","hentry"],"_links":{"self":[{"href":"https:\/\/volkner-mobil.com\/en\/wp-json\/wp\/v2\/pages\/545","targetHints":{"allow":["GET"]}}],"collection":[{"href":"https:\/\/volkner-mobil.com\/en\/wp-json\/wp\/v2\/pages"}],"about":[{"href":"https:\/\/volkner-mobil.com\/en\/wp-json\/wp\/v2\/types\/page"}],"author":[{"embeddable":true,"href":"https:\/\/volkner-mobil.com\/en\/wp-json\/wp\/v2\/users\/1"}],"replies":[{"embeddable":true,"href":"https:\/\/volkner-mobil.com\/en\/wp-json\/wp\/v2\/comments?post=545"}],"version-history":[{"count":0,"href":"https:\/\/volkner-mobil.com\/en\/wp-json\/wp\/v2\/pages\/545\/revisions"}],"wp:attachment":[{"href":"https:\/\/volkner-mobil.com\/en\/wp-json\/wp\/v2\/media?parent=545"}],"curies":[{"name":"wp","href":"https:\/\/api.w.org\/{rel}","templated":true}]}}