{"id":44,"date":"2022-11-17T17:33:53","date_gmt":"2022-11-17T17:33:53","guid":{"rendered":"http:\/\/zwo-shop.de\/?page_id=44"},"modified":"2023-02-14T13:22:17","modified_gmt":"2023-02-14T13:22:17","slug":"unser-kontakt","status":"publish","type":"page","link":"https:\/\/volkner-mobil.com\/en\/unser-kontakt\/","title":{"rendered":"Contact"},"content":{"rendered":"<p>[et_pb_section fb_built=&#8220;1&#8243; _builder_version=&#8220;4.19.4&#8243; _module_preset=&#8220;default&#8220; background_color=&#8220;#f2f2f2&#8243; custom_margin=&#8220;||||false|false&#8220; global_colors_info=&#8220;{}&#8220;][et_pb_row _builder_version=&#8220;4.19.5&#8243; _module_preset=&#8220;default&#8220; width=&#8220;62%&#8220; max_width=&#8220;80%&#8220; custom_margin=&#8220;10vh||||false|false&#8220; hover_enabled=&#8220;0&#8243; global_colors_info=&#8220;{}&#8220; sticky_enabled=&#8220;0&#8243;][et_pb_column type=&#8220;4_4&#8243; _builder_version=&#8220;4.18.0&#8243; _module_preset=&#8220;default&#8220; global_colors_info=&#8220;{}&#8220;][et_pb_text _builder_version=&#8220;4.19.5&#8243; _module_preset=&#8220;default&#8220; header_text_color=&#8220;#000000&#8243; hover_enabled=&#8220;0&#8243; global_colors_info=&#8220;{}&#8220; sticky_enabled=&#8220;0&#8243;]<\/p>\n<h1 style=\"text-align: center;\">CONTACT INFORMATION<\/h1>\n<p>[\/et_pb_text][et_pb_text _builder_version=&#8220;4.19.5&#8243; _module_preset=&#8220;default&#8220; text_font_size=&#8220;16px&#8220; hover_enabled=&#8220;0&#8243; global_colors_info=&#8220;{}&#8220; sticky_enabled=&#8220;0&#8243;]<\/p>\n<p _ngcontent-ffh-c43=\"\" style=\"text-align: center;\"><span style=\"color: #000000;\">Volkner Mobil GmbH<\/span><br _ngcontent-ffh-c43=\"\" \/><span style=\"color: #000000;\">Simonsh\u00f6fchen 41<\/span><br _ngcontent-ffh-c43=\"\" \/><span style=\"color: #000000;\">42327 Wuppertal<\/span><br _ngcontent-ffh-c43=\"\" \/><span style=\"color: #000000;\">Germany<\/span><\/p>\n<p _ngcontent-ffh-c43=\"\" style=\"text-align: center;\"><span style=\"color: #000000;\">Telephone: +49 (0) 202 2733 50<\/span><br _ngcontent-ffh-c43=\"\" \/><span style=\"color: #000000;\">E-Mail: <a href=\"mailto:info@volkner-mobil.com\" style=\"color: #000000;\">info@volkner-mobil.com<\/a><\/span><\/p>\n<p _ngcontent-ffh-c43=\"\" style=\"text-align: center;\"><span style=\"color: #000000;\">Office hours:<\/span><br _ngcontent-ffh-c43=\"\" \/><span style=\"color: #000000;\">Montag bis Freitag 7:30 &#8211; 12:30 Uhr und 13:00 &#8211; 16:00 Uhr<\/span><br _ngcontent-ffh-c43=\"\" \/><span style=\"color: #000000;\">Outside these times by appointment.<\/span><br _ngcontent-ffh-c43=\"\" \/><br _ngcontent-ffh-c43=\"\" \/><span style=\"color: #000000;\">Vehicle inspection: By appointment.<\/span><\/p>\n<p>[\/et_pb_text][\/et_pb_column][\/et_pb_row][et_pb_row column_structure=&#8220;1_3,1_3,1_3&#8243; _builder_version=&#8220;4.19.4&#8243; _module_preset=&#8220;default&#8220; max_width=&#8220;90%&#8220; global_colors_info=&#8220;{}&#8220;][et_pb_column type=&#8220;1_3&#8243; _builder_version=&#8220;4.19.4&#8243; _module_preset=&#8220;default&#8220; global_colors_info=&#8220;{}&#8220;][et_pb_image src=&#8220;https:\/\/volkner-mobil.com\/wp-content\/uploads\/2023\/01\/facebook-g35dabad99_1920-150&#215;150.png&#8220; title_text=&#8220;facebook-g35dabad99_1920&#8243; url=&#8220;https:\/\/de-de.facebook.com\/volkner.mobil\/&#8220; url_new_window=&#8220;on&#8220; align=&#8220;center&#8220; _builder_version=&#8220;4.19.4&#8243; _module_preset=&#8220;default&#8220; width=&#8220;26%&#8220; custom_margin=&#8220;18px||||false|false&#8220; animation_style=&#8220;slide&#8220; animation_direction=&#8220;bottom&#8220; animation_duration=&#8220;1500ms&#8220; border_radii=&#8220;on|28px|28px|28px|28px&#8220; box_shadow_style=&#8220;preset1&#8243; global_colors_info=&#8220;{}&#8220;][\/et_pb_image][\/et_pb_column][et_pb_column type=&#8220;1_3&#8243; _builder_version=&#8220;4.19.4&#8243; _module_preset=&#8220;default&#8220; global_colors_info=&#8220;{}&#8220;][et_pb_image src=&#8220;https:\/\/volkner-mobil.com\/wp-content\/uploads\/2023\/01\/youtube-ga426297b0_1280-150&#215;150.png&#8220; title_text=&#8220;youtube-ga426297b0_1280&#8243; url=&#8220;https:\/\/www.youtube.com\/@volknermobil1665&#8243; url_new_window=&#8220;on&#8220; align=&#8220;center&#8220; _builder_version=&#8220;4.19.4&#8243; _module_preset=&#8220;default&#8220; width=&#8220;25%&#8220; custom_margin=&#8220;18px||||false|false&#8220; animation_style=&#8220;slide&#8220; animation_direction=&#8220;bottom&#8220; animation_duration=&#8220;1500ms&#8220; border_radii=&#8220;on|28px|28px|28px|28px&#8220; box_shadow_style=&#8220;preset1&#8243; global_colors_info=&#8220;{}&#8220;][\/et_pb_image][\/et_pb_column][et_pb_column type=&#8220;1_3&#8243; _builder_version=&#8220;4.19.4&#8243; _module_preset=&#8220;default&#8220; global_colors_info=&#8220;{}&#8220;][et_pb_image src=&#8220;https:\/\/volkner-mobil.com\/wp-content\/uploads\/2023\/01\/instagram-150&#215;150.png&#8220; title_text=&#8220;instagram&#8220; url=&#8220;https:\/\/www.instagram.com\/volkner.mobil\/&#8220; url_new_window=&#8220;on&#8220; align=&#8220;center&#8220; _builder_version=&#8220;4.19.4&#8243; _module_preset=&#8220;default&#8220; width=&#8220;25%&#8220; custom_margin=&#8220;21px||||false|false&#8220; border_radii=&#8220;on|28px|28px|28px|28px&#8220; box_shadow_style=&#8220;preset1&#8243; global_colors_info=&#8220;{}&#8220;][\/et_pb_image][\/et_pb_column][\/et_pb_row][\/et_pb_section]<\/p>","protected":false},"excerpt":{"rendered":"<p>KONTAKTINFORMATIONENVolkner Mobil GmbHSimonsh\u00f6fchen 4142327 WuppertalDeutschland Telefon: +49 (0) 202 2733 50E-Mail: info@volkner-mobil.com B\u00fcrozeiten:Montag bis Freitag 7:30 &#8211; 12:30 Uhr und 13:00 &#8211; 16:00 UhrAu\u00dferhalb dieser Zeiten nach Vereinbarung.Fahrzeugbesichtigung: Nach Vereinbarung.<\/p>","protected":false},"author":1,"featured_media":0,"parent":0,"menu_order":0,"comment_status":"closed","ping_status":"closed","template":"","meta":{"_et_pb_use_builder":"on","_et_pb_old_content":"<!-- wp:divi\/placeholder \/-->","_et_gb_content_width":"","footnotes":""},"class_list":["post-44","page","type-page","status-publish","hentry"],"_links":{"self":[{"href":"https:\/\/volkner-mobil.com\/en\/wp-json\/wp\/v2\/pages\/44","targetHints":{"allow":["GET"]}}],"collection":[{"href":"https:\/\/volkner-mobil.com\/en\/wp-json\/wp\/v2\/pages"}],"about":[{"href":"https:\/\/volkner-mobil.com\/en\/wp-json\/wp\/v2\/types\/page"}],"author":[{"embeddable":true,"href":"https:\/\/volkner-mobil.com\/en\/wp-json\/wp\/v2\/users\/1"}],"replies":[{"embeddable":true,"href":"https:\/\/volkner-mobil.com\/en\/wp-json\/wp\/v2\/comments?post=44"}],"version-history":[{"count":0,"href":"https:\/\/volkner-mobil.com\/en\/wp-json\/wp\/v2\/pages\/44\/revisions"}],"wp:attachment":[{"href":"https:\/\/volkner-mobil.com\/en\/wp-json\/wp\/v2\/media?parent=44"}],"curies":[{"name":"wp","href":"https:\/\/api.w.org\/{rel}","templated":true}]}}