{"id":161,"date":"2022-12-09T09:06:23","date_gmt":"2022-12-09T09:06:23","guid":{"rendered":"https:\/\/zwo-shop.de\/?page_id=161"},"modified":"2025-10-28T10:49:20","modified_gmt":"2025-10-28T10:49:20","slug":"impressum","status":"publish","type":"page","link":"https:\/\/volkner-mobil.com\/en\/impressum\/","title":{"rendered":"Imprint"},"content":{"rendered":"<p>[et_pb_section fb_built=&#8220;1&#8243; _builder_version=&#8220;4.20.4&#8243; _module_preset=&#8220;default&#8220; background_color=&#8220;#f2f2f2&#8243; custom_margin=&#8220;||||false|false&#8220; global_colors_info=&#8220;{}&#8220;][et_pb_row _builder_version=&#8220;4.20.4&#8243; _module_preset=&#8220;default&#8220; custom_margin=&#8220;50px||||false|false&#8220; global_colors_info=&#8220;{}&#8220;][et_pb_column type=&#8220;4_4&#8243; _builder_version=&#8220;4.18.0&#8243; _module_preset=&#8220;default&#8220; global_colors_info=&#8220;{}&#8220;][et_pb_text _builder_version=&#8220;4.20.4&#8243; _module_preset=&#8220;default&#8220; header_font=&#8220;Arial|600|||||||&#8220; header_text_color=&#8220;#565656&#8243; custom_margin=&#8220;53px||53px||true|false&#8220; global_colors_info=&#8220;{}&#8220;]<\/p>\n<h1>Imprint<\/h1>\n<p>[\/et_pb_text][\/et_pb_column][\/et_pb_row][et_pb_row _builder_version=&#8220;4.18.0&#8243; _module_preset=&#8220;default&#8220; global_colors_info=&#8220;{}&#8220;][et_pb_column type=&#8220;4_4&#8243; _builder_version=&#8220;4.18.0&#8243; _module_preset=&#8220;default&#8220; global_colors_info=&#8220;{}&#8220;][et_pb_text _builder_version=&#8220;4.27.4&#8243; _module_preset=&#8220;default&#8220; text_font=&#8220;Arial||||||||&#8220; text_text_color=&#8220;#565656&#8243; text_font_size=&#8220;15px&#8220; custom_margin=&#8220;-6%||-6%||true|false&#8220; hover_enabled=&#8220;0&#8243; global_colors_info=&#8220;{}&#8220; sticky_enabled=&#8220;0&#8243;]<\/p>\n<p _ngcontent-cls-c54=\"\">Volkner Mobil GmbH<br _ngcontent-cls-c54=\"\" \/>Simonsh\u00f6fchen 41<br _ngcontent-cls-c54=\"\" \/>42327 Wuppertal<br _ngcontent-cls-c54=\"\" \/><br _ngcontent-cls-c54=\"\" \/>Telefon: +49 (0)202 2733 50<br _ngcontent-cls-c54=\"\" \/>E-Mail: info(at)volkner-mobil.com<br _ngcontent-cls-c54=\"\" \/><br _ngcontent-cls-c54=\"\" \/>Gesch\u00e4ftsf\u00fchrer: Stephanie Volkner<br _ngcontent-cls-c54=\"\" \/>USt-IdNr.: DE229642320<br _ngcontent-cls-c54=\"\" \/>HRB Wuppertal Nr. 12504<br _ngcontent-cls-c54=\"\" \/><br _ngcontent-cls-c54=\"\" \/>Verantwortlich f\u00fcr den Inhalt: Stephanie Volkner<br _ngcontent-cls-c54=\"\" \/><br _ngcontent-cls-c54=\"\" \/><u _ngcontent-cls-c54=\"\"><\/u><\/p>\n<p _ngcontent-cls-c54=\"\"><u _ngcontent-cls-c54=\"\">Online-Streitbeilegung:<\/u><br _ngcontent-cls-c54=\"\" \/>Wir sind nicht bereit und nicht verpflichtet, an Streitbeilegungsverfahren vor einer Verbraucherschlichtungsstelle teilzunehmen.<\/p>\n<p _ngcontent-cls-c54=\"\"><u _ngcontent-cls-c54=\"\">Haftungsausschluss<\/u><br _ngcontent-cls-c54=\"\" \/>Die Volkner Mobil GmbH \u00fcbernimmt keinerlei Gew\u00e4hr f\u00fcr die Aktualit\u00e4t, Korrektheit, Vollst\u00e4ndigkeit oder Qualit\u00e4t der bereitgestellten Informationen. Haftungsanspr\u00fcche gegen die Volkner Mobil GmbH, welche sich auf Sch\u00e4den materieller oder ideeller Art beziehen, die durch die Nutzung oder Nichtnutzung der dargebotenen Informationen bzw. durch die Nutzung fehlerhafter und unvollst\u00e4ndiger Informationen verursacht wurden, sind grunds\u00e4tzlich ausgeschlossen, sofern seitens der Volkner Mobil GmbH kein nachweislich vors\u00e4tzliches oder grob fahrl\u00e4ssiges Verschulden vorliegt. Alle Angebote sind freibleibend und unverbindlich. Die Volkner Mobil GmbH beh\u00e4lt es sich ausdr\u00fccklich vor, Teile der Seiten oder das gesamte Angebot ohne gesonderte Ank\u00fcndigung zu ver\u00e4ndern, zu erg\u00e4nzen, zu l\u00f6schen oder die Ver\u00f6ffentlichung zeitweise oder endg\u00fcltig einzustellen.<\/p>\n<p>[\/et_pb_text][\/et_pb_column][\/et_pb_row][\/et_pb_section]<\/p>","protected":false},"excerpt":{"rendered":"<p>ImpressumVolkner Mobil GmbHSimonsh\u00f6fchen 4142327 WuppertalTelefon: +49 (0)202 2733 50E-Mail: info(at)volkner-mobil.comGesch\u00e4ftsf\u00fchrer: Stephanie VolknerUSt-IdNr.: DE229642320HRB Wuppertal Nr. 12504Verantwortlich f\u00fcr den Inhalt: Stephanie Volkner Online-Streitbeilegung:Wir sind nicht bereit und nicht verpflichtet, an Streitbeilegungsverfahren vor einer Verbraucherschlichtungsstelle teilzunehmen. HaftungsausschlussDie Volkner Mobil GmbH \u00fcbernimmt keinerlei Gew\u00e4hr f\u00fcr die Aktualit\u00e4t, Korrektheit, Vollst\u00e4ndigkeit oder Qualit\u00e4t der bereitgestellten Informationen. Haftungsanspr\u00fcche gegen die Volkner [&hellip;]<\/p>","protected":false},"author":1,"featured_media":0,"parent":0,"menu_order":0,"comment_status":"closed","ping_status":"closed","template":"","meta":{"_et_pb_use_builder":"on","_et_pb_old_content":"<!-- wp:divi\/placeholder \/-->","_et_gb_content_width":"","footnotes":""},"class_list":["post-161","page","type-page","status-publish","hentry"],"_links":{"self":[{"href":"https:\/\/volkner-mobil.com\/en\/wp-json\/wp\/v2\/pages\/161","targetHints":{"allow":["GET"]}}],"collection":[{"href":"https:\/\/volkner-mobil.com\/en\/wp-json\/wp\/v2\/pages"}],"about":[{"href":"https:\/\/volkner-mobil.com\/en\/wp-json\/wp\/v2\/types\/page"}],"author":[{"embeddable":true,"href":"https:\/\/volkner-mobil.com\/en\/wp-json\/wp\/v2\/users\/1"}],"replies":[{"embeddable":true,"href":"https:\/\/volkner-mobil.com\/en\/wp-json\/wp\/v2\/comments?post=161"}],"version-history":[{"count":4,"href":"https:\/\/volkner-mobil.com\/en\/wp-json\/wp\/v2\/pages\/161\/revisions"}],"predecessor-version":[{"id":3055,"href":"https:\/\/volkner-mobil.com\/en\/wp-json\/wp\/v2\/pages\/161\/revisions\/3055"}],"wp:attachment":[{"href":"https:\/\/volkner-mobil.com\/en\/wp-json\/wp\/v2\/media?parent=161"}],"curies":[{"name":"wp","href":"https:\/\/api.w.org\/{rel}","templated":true}]}}